{"id":2699,"date":"2023-08-01T12:49:10","date_gmt":"2023-08-01T15:49:10","guid":{"rendered":"https:\/\/superfood.qodeinteractive.com\/?page_id=2699"},"modified":"2025-11-10T09:56:03","modified_gmt":"2025-11-10T12:56:03","slug":"contacto","status":"publish","type":"page","link":"https:\/\/pragaalimentos.com\/en\/contacto\/","title":{"rendered":"Contact"},"content":{"rendered":"<section class=\"wpb-content-wrapper\"><div class=\"vc_row wpb_row vc_row-fluid eltdf-row-type-row\" style=\"\"><div class=\"wpb_column vc_column_container vc_col-sm-12\"><div class=\"vc_column-inner\"><div class=\"wpb_wrapper\">\n\t<div class=\"wpb_text_column wpb_content_element\" >\n\t\t<div class=\"wpb_wrapper\">\n\t\t\t\t\t<div data-elementor-type=\"wp-post\" data-elementor-id=\"8982\" class=\"elementor elementor-8982\" data-elementor-settings=\"{&quot;ha_cmc_init_switcher&quot;:&quot;no&quot;}\">\n\t\t\t\t\t\t<section class=\"elementor-section elementor-top-section elementor-element elementor-element-3ff80bb1 elementor-section-content-middle elementor-section-full_width elementor-section-stretched elementor-section-height-default elementor-section-height-default wpr-particle-no wpr-jarallax-no wpr-parallax-no wpr-sticky-section-no wpr-equal-height-no\" data-id=\"3ff80bb1\" data-element_type=\"section\" data-e-type=\"section\" data-settings=\"{&quot;background_background&quot;:&quot;classic&quot;,&quot;stretch_section&quot;:&quot;section-stretched&quot;,&quot;_ha_eqh_enable&quot;:false}\">\n\t\t\t\t\t\t<div class=\"elementor-container elementor-column-gap-default\">\n\t\t\t\t\t<div class=\"elementor-column elementor-col-100 elementor-top-column elementor-element elementor-element-68e27670\" data-id=\"68e27670\" data-element_type=\"column\" data-e-type=\"column\">\n\t\t\t<div class=\"elementor-widget-wrap elementor-element-populated\">\n\t\t\t\t\t\t<div class=\"elementor-element elementor-element-c3d3e6b elementor-widget elementor-widget-shortcode\" data-id=\"c3d3e6b\" data-element_type=\"widget\" data-e-type=\"widget\" data-widget_type=\"shortcode.default\">\n\t\t\t\t<div class=\"elementor-widget-container\">\n\t\t\t\t\t\t\t<div class=\"elementor-shortcode\"><script type=\"text\/javascript\" src=\"https:\/\/leads.godixital.com\/js\/leads_form_trigger.js\"><\/script><\/div>\n\t\t\t\t\t\t<\/div>\n\t\t\t\t<\/div>\n\t\t\t\t<section class=\"elementor-section elementor-inner-section elementor-element elementor-element-3b0c413d elementor-section-boxed elementor-section-height-default elementor-section-height-default wpr-particle-no wpr-jarallax-no wpr-parallax-no wpr-sticky-section-no wpr-equal-height-no\" data-id=\"3b0c413d\" data-element_type=\"section\" data-e-type=\"section\" data-settings=\"{&quot;_ha_eqh_enable&quot;:false}\">\n\t\t\t\t\t\t<div class=\"elementor-container elementor-column-gap-default\">\n\t\t\t\t\t<div class=\"elementor-column elementor-col-100 elementor-inner-column elementor-element elementor-element-704bed96\" data-id=\"704bed96\" data-element_type=\"column\" data-e-type=\"column\">\n\t\t\t<div class=\"elementor-widget-wrap elementor-element-populated\">\n\t\t\t\t\t\t<div class=\"elementor-element elementor-element-678d33a9 elementor-widget elementor-widget-heading\" data-id=\"678d33a9\" data-element_type=\"widget\" data-e-type=\"widget\" data-widget_type=\"heading.default\">\n\t\t\t\t<div class=\"elementor-widget-container\">\n\t\t\t\t\t<h2 class=\"elementor-heading-title elementor-size-default\">Contact Us<\/h2>\t\t\t\t<\/div>\n\t\t\t\t<\/div>\n\t\t\t\t<div class=\"elementor-element elementor-element-3185e9ab elementor-widget elementor-widget-text-editor\" data-id=\"3185e9ab\" data-element_type=\"widget\" data-e-type=\"widget\" data-widget_type=\"text-editor.default\">\n\t\t\t\t<div class=\"elementor-widget-container\">\n\t\t\t\t\t\t\t\t\t<p>If you have any questions, suggestions, or need to request information, we invite you to fill out the form to get in touch with us.<\/p>\t\t\t\t\t\t\t\t<\/div>\n\t\t\t\t<\/div>\n\t\t\t\t<div class=\"elementor-element elementor-element-5def48a elementor-widget elementor-widget-ha-cf7 happy-addon ha-cf7\" data-id=\"5def48a\" data-element_type=\"widget\" data-e-type=\"widget\" data-widget_type=\"ha-cf7.default\">\n\t\t\t\t<div class=\"elementor-widget-container\">\n\t\t\t\t\t\n<div class=\"wpcf7 no-js\" id=\"wpcf7-f1319-o1\" lang=\"en-US\" dir=\"ltr\" data-wpcf7-id=\"1319\">\n<div class=\"screen-reader-response\"><p role=\"status\" aria-live=\"polite\" aria-atomic=\"true\"><\/p> <ul><\/ul><\/div>\n<form action=\"\/en\/wp-json\/wp\/v2\/pages\/2699#wpcf7-f1319-o1\" method=\"post\" class=\"wpcf7-form init ha-cf7-form\" aria-label=\"Contact form\" novalidate=\"novalidate\" data-status=\"init\" data-trp-original-action=\"\/en\/wp-json\/wp\/v2\/pages\/2699#wpcf7-f1319-o1\">\n<fieldset class=\"hidden-fields-container\"><input type=\"hidden\" name=\"_wpcf7\" value=\"1319\" \/><input type=\"hidden\" name=\"_wpcf7_version\" value=\"6.1.5\" \/><input type=\"hidden\" name=\"_wpcf7_locale\" value=\"en_US\" \/><input type=\"hidden\" name=\"_wpcf7_unit_tag\" value=\"wpcf7-f1319-o1\" \/><input type=\"hidden\" name=\"_wpcf7_container_post\" value=\"0\" \/><input type=\"hidden\" name=\"_wpcf7_posted_data_hash\" value=\"\" \/>\n<\/fieldset>\n<div>\n\t<p><span class=\"wpcf7-form-control-wrap\" data-name=\"your-name\"><input size=\"40\" maxlength=\"400\" class=\"wpcf7-form-control wpcf7-text wpcf7-validates-as-required\" aria-required=\"true\" aria-invalid=\"false\" placeholder=\"Name and Surname *\" value=\"\" type=\"text\" name=\"your-name\" \/><\/span>\n\t<\/p>\n<\/div>\n<div>\n\t<p><span class=\"wpcf7-form-control-wrap\" data-name=\"your-email\"><input size=\"40\" maxlength=\"400\" class=\"wpcf7-form-control wpcf7-email wpcf7-validates-as-required wpcf7-text wpcf7-validates-as-email\" aria-required=\"true\" aria-invalid=\"false\" placeholder=\"Email *\" value=\"\" type=\"email\" name=\"your-email\" \/><\/span>\n\t<\/p>\n<\/div>\n<div>\n\t<p><span class=\"wpcf7-form-control-wrap\" data-name=\"your-tel\"><input size=\"40\" maxlength=\"400\" class=\"wpcf7-form-control wpcf7-tel wpcf7-validates-as-required wpcf7-text wpcf7-validates-as-tel\" aria-required=\"true\" aria-invalid=\"false\" placeholder=\"WhatsApp *\" value=\"\" type=\"tel\" name=\"your-tel\" \/><\/span>\n\t<\/p>\n<\/div>\n<div style=\"padding-top: 10px; padding-bottom: 20px;\">\n\t<div class=\"title01\">\n\t\t<p>Brand of interest\n\t\t<\/p>\n\t<\/div>\n\t<p><span class=\"wpcf7-form-control-wrap\" data-name=\"checkbox-327\"><span class=\"wpcf7-form-control wpcf7-checkbox wpcf7-validates-as-required\"><span class=\"wpcf7-list-item first\"><label><input type=\"checkbox\" name=\"checkbox-327[]\" value=\"Praga\" \/><span class=\"wpcf7-list-item-label\">Praga<\/span><\/label><\/span><span class=\"wpcf7-list-item\"><label><input type=\"checkbox\" name=\"checkbox-327[]\" value=\"Molino de Piedra\" \/><span class=\"wpcf7-list-item-label\">Molino de Piedra<\/span><\/label><\/span><span class=\"wpcf7-list-item last\"><label><input type=\"checkbox\" name=\"checkbox-327[]\" value=\"Gula\" \/><span class=\"wpcf7-list-item-label\">Gula<\/span><\/label><\/span><\/span><\/span>\n\t<\/p>\n<\/div>\n<div class=\"flechita\">\n\t<p><span class=\"wpcf7-form-control-wrap\" data-name=\"menu-900\"><select class=\"wpcf7-form-control wpcf7-select wpcf7-validates-as-required\" aria-required=\"true\" aria-invalid=\"false\" name=\"menu-900\"><option value=\"\">Reason for inquiry<\/option><option value=\"Comercial Comercio exterior\">Comercial Comercio exterior<\/option><option value=\"Atenci\u00f3n al consumidor\">Atenci\u00f3n al consumidor<\/option><option value=\"Trabajar con nosotros\">Trabajar con nosotros<\/option><option value=\"Institucional Marketing Prensa\">Institucional Marketing Prensa<\/option><option value=\"Otros  Planta de procesamiento Producci\u00f3n Certificados\">Otros  Planta de procesamiento Producci\u00f3n Certificados<\/option><\/select><\/span>\n\t<\/p>\n<\/div>\n<div>\n\t<p><span class=\"wpcf7-form-control-wrap\" data-name=\"your-message\"><textarea cols=\"40\" rows=\"3\" maxlength=\"2000\" class=\"wpcf7-form-control wpcf7-textarea\" aria-invalid=\"false\" placeholder=\"Message\" name=\"your-message\"><\/textarea><\/span>\n\t<\/p>\n<\/div>\n<div>\n\t<p><input class=\"wpcf7-form-control wpcf7-submit has-spinner\" type=\"submit\" value=\"SEND\" \/>\n\t<\/p>\n<\/div><div class=\"wpcf7-response-output\" aria-hidden=\"true\"><\/div>\n<input type=\"hidden\" name=\"trp-form-language\" value=\"en\"\/><\/form>\n<\/div>\n\t\t\t\t<\/div>\n\t\t\t\t<\/div>\n\t\t\t\t<div class=\"elementor-element elementor-element-a6778e6 elementor-widget elementor-widget-html\" data-id=\"a6778e6\" data-element_type=\"widget\" data-e-type=\"widget\" data-widget_type=\"html.default\">\n\t\t\t\t<div class=\"elementor-widget-container\">\n\t\t\t\t\t<style>\n\n.wpcf7 p { \n    text-align: left;\n    \n}\n\n.title01 {\n    color: #FF9D00; !important;\n    font-family: \"Space Mono\", Sans-serif !important;\n    font-size: 13px !important;\n    \n}\n\n.title01 p {\n    color: #FF9D00; !important;\n    font-family: \"Space Mono\", Sans-serif !important;\n    font-size: 13px !important;\n    \n}\n\n\n.wpcf7-list-item-label {\ncolor: #FF9D00; !important;\n    font-family: \"Space Mono\", Sans-serif;\n    \n}\n\n<\/style>\t\t\t\t<\/div>\n\t\t\t\t<\/div>\n\t\t\t\t<div class=\"elementor-element elementor-element-0123ef4 elementor-widget elementor-widget-text-editor\" data-id=\"0123ef4\" data-element_type=\"widget\" data-e-type=\"widget\" data-widget_type=\"text-editor.default\">\n\t\t\t\t<div class=\"elementor-widget-container\">\n\t\t\t\t\t\t\t\t\t<p>*Required fields<\/p>\t\t\t\t\t\t\t\t<\/div>\n\t\t\t\t<\/div>\n\t\t\t\t\t<\/div>\n\t\t<\/div>\n\t\t\t\t\t<\/div>\n\t\t<\/section>\n\t\t\t\t\t<\/div>\n\t\t<\/div>\n\t\t\t\t\t<\/div>\n\t\t<\/section>\n\t\t\t\t<section class=\"elementor-section elementor-top-section elementor-element elementor-element-0fd77b0 elementor-section-content-middle elementor-section-stretched elementor-section-full_width elementor-section-height-default elementor-section-height-default wpr-particle-no wpr-jarallax-no wpr-parallax-no wpr-sticky-section-no wpr-equal-height-no\" data-id=\"0fd77b0\" data-element_type=\"section\" data-e-type=\"section\" data-settings=\"{&quot;background_background&quot;:&quot;classic&quot;,&quot;stretch_section&quot;:&quot;section-stretched&quot;,&quot;_ha_eqh_enable&quot;:false}\">\n\t\t\t\t\t\t<div class=\"elementor-container elementor-column-gap-default\">\n\t\t\t\t\t<div class=\"elementor-column elementor-col-100 elementor-top-column elementor-element elementor-element-f4b561e\" data-id=\"f4b561e\" data-element_type=\"column\" data-e-type=\"column\">\n\t\t\t<div class=\"elementor-widget-wrap elementor-element-populated\">\n\t\t\t\t\t\t<div class=\"elementor-element elementor-element-89d722a elementor-widget elementor-widget-heading\" data-id=\"89d722a\" data-element_type=\"widget\" data-e-type=\"widget\" data-widget_type=\"heading.default\">\n\t\t\t\t<div class=\"elementor-widget-container\">\n\t\t\t\t\t<h2 class=\"elementor-heading-title elementor-size-default\">GET OUR PRODUCTS<\/h2>\t\t\t\t<\/div>\n\t\t\t\t<\/div>\n\t\t\t\t<div class=\"elementor-element elementor-element-833f7a3 elementor-widget elementor-widget-heading\" data-id=\"833f7a3\" data-element_type=\"widget\" data-e-type=\"widget\" data-widget_type=\"heading.default\">\n\t\t\t\t<div class=\"elementor-widget-container\">\n\t\t\t\t\t<h2 class=\"elementor-heading-title elementor-size-default\">If you want to commercialize our brands, you can also contact us via WhatsApp.\nWe look forward to your inquiry!<br \/>\n\u00a1Esperamos tu consulta!<\/h2>\t\t\t\t<\/div>\n\t\t\t\t<\/div>\n\t\t\t\t<div class=\"elementor-element elementor-element-d5c6c00 elementor-widget elementor-widget-image\" data-id=\"d5c6c00\" data-element_type=\"widget\" data-e-type=\"widget\" data-widget_type=\"image.default\">\n\t\t\t\t<div class=\"elementor-widget-container\">\n\t\t\t\t\t\t\t\t\t\t\t\t\t\t\t\t<a href=\"https:\/\/wa.link\/1i3gkz\" target=\"_blank\" rel=\"nofollow\">\n\t\t\t\t\t\t\t<img decoding=\"async\" width=\"422\" height=\"92\" src=\"https:\/\/pragaalimentos.com\/wp-content\/uploads\/2024\/12\/boton01en.png\" class=\"elementor-animation-grow attachment-full size-full wp-image-11380\" alt=\"\" srcset=\"https:\/\/pragaalimentos.com\/wp-content\/uploads\/2024\/12\/boton01en.png 422w, https:\/\/pragaalimentos.com\/wp-content\/uploads\/2024\/12\/boton01en-300x65.png 300w, https:\/\/pragaalimentos.com\/wp-content\/uploads\/2024\/12\/boton01en-18x4.png 18w\" sizes=\"(max-width: 422px) 100vw, 422px\" \/>\t\t\t\t\t\t\t\t<\/a>\n\t\t\t\t\t\t\t\t\t\t\t\t\t\t\t<\/div>\n\t\t\t\t<\/div>\n\t\t\t\t<div class=\"elementor-element elementor-element-6b4dba8 elementor-widget elementor-widget-spacer\" data-id=\"6b4dba8\" data-element_type=\"widget\" data-e-type=\"widget\" data-widget_type=\"spacer.default\">\n\t\t\t\t<div class=\"elementor-widget-container\">\n\t\t\t\t\t\t\t<div class=\"elementor-spacer\">\n\t\t\t<div class=\"elementor-spacer-inner\"><\/div>\n\t\t<\/div>\n\t\t\t\t\t\t<\/div>\n\t\t\t\t<\/div>\n\t\t\t\t\t<\/div>\n\t\t<\/div>\n\t\t\t\t\t<\/div>\n\t\t<\/section>\n\t\t\t\t<\/div>\n\t\t\n\n\t\t<\/div>\n\t<\/div>\n<\/div><\/div><\/div><\/div><div class=\"vc_row wpb_row vc_row-fluid eltdf-row-type-row\" style=\"\"><div class=\"wpb_column vc_column_container vc_col-sm-12\"><div class=\"vc_column-inner\"><div class=\"wpb_wrapper\">\n\t<div class=\"wpb_raw_code wpb_content_element wpb_raw_html\" >\n\t\t<div class=\"wpb_wrapper\">\n\t\t\t<script>\ndocument.addEventListener( 'wpcf7mailsent', function( event ) {\n    setTimeout( () => {\n        location = 'https:\/\/pragaalimentos.com\/muchas-gracias'; \/\/ Cambia esta URL por la tuya\n    }, 3000 );\n}, false );\n<\/script>\n\t\t<\/div>\n\t<\/div>\n<\/div><\/div><\/div><\/div>\n<\/section>","protected":false},"excerpt":{"rendered":"Contactanos Si ten\u00e9s alguna duda, sugerencia o necesit\u00e1s solicitar informaci\u00f3n, te invitamos a completar el formulario para ponernos en contacto. Marca de inter\u00e9s PragaMolino de PiedraGula Motivo de consultaComercial Comercio exteriorAtenci\u00f3n al consumidorTrabajar con nosotrosInstitucional Marketing PrensaOtros Planta de procesamiento Producci\u00f3n Certificados *Campos obligatorios CONSEGU\u00cd NUESTROS PRODUCTOS Si quer\u00e9s comercializar nuestras marcas, tambi\u00e9n pod\u00e9s contactarnos por Whatsapp. \u00a1Esperamos tu consulta!","protected":false},"author":2,"featured_media":0,"parent":0,"menu_order":0,"comment_status":"closed","ping_status":"closed","template":"full-width.php","meta":{"footnotes":""},"class_list":["post-2699","page","type-page","status-publish","hentry"],"yoast_head":"<!-- This site is optimized with the Yoast SEO plugin v27.4 - https:\/\/yoast.com\/product\/yoast-seo-wordpress\/ -->\n<title>Contacto - PRAGA<\/title>\n<meta name=\"robots\" content=\"index, follow, max-snippet:-1, max-image-preview:large, max-video-preview:-1\" \/>\n<link rel=\"canonical\" href=\"https:\/\/pragaalimentos.com\/en\/contacto\/\" \/>\n<meta property=\"og:locale\" content=\"en_US\" \/>\n<meta property=\"og:type\" content=\"article\" \/>\n<meta property=\"og:title\" content=\"Contacto - PRAGA\" \/>\n<meta property=\"og:url\" content=\"https:\/\/pragaalimentos.com\/en\/contacto\/\" \/>\n<meta property=\"og:site_name\" content=\"PRAGA\" \/>\n<meta property=\"article:modified_time\" content=\"2025-11-10T12:56:03+00:00\" \/>\n<meta name=\"twitter:card\" content=\"summary_large_image\" \/>\n<meta name=\"twitter:label1\" content=\"Est. reading time\" \/>\n\t<meta name=\"twitter:data1\" content=\"1 minute\" \/>\n<script type=\"application\/ld+json\" class=\"yoast-schema-graph\">{\"@context\":\"https:\\\/\\\/schema.org\",\"@graph\":[{\"@type\":\"WebPage\",\"@id\":\"https:\\\/\\\/pragaalimentos.com\\\/contacto\\\/\",\"url\":\"https:\\\/\\\/pragaalimentos.com\\\/contacto\\\/\",\"name\":\"Contacto - PRAGA\",\"isPartOf\":{\"@id\":\"https:\\\/\\\/pragaalimentos.com\\\/#website\"},\"datePublished\":\"2023-08-01T15:49:10+00:00\",\"dateModified\":\"2025-11-10T12:56:03+00:00\",\"breadcrumb\":{\"@id\":\"https:\\\/\\\/pragaalimentos.com\\\/contacto\\\/#breadcrumb\"},\"inLanguage\":\"en-US\",\"potentialAction\":[{\"@type\":\"ReadAction\",\"target\":[\"https:\\\/\\\/pragaalimentos.com\\\/contacto\\\/\"]}]},{\"@type\":\"BreadcrumbList\",\"@id\":\"https:\\\/\\\/pragaalimentos.com\\\/contacto\\\/#breadcrumb\",\"itemListElement\":[{\"@type\":\"ListItem\",\"position\":1,\"name\":\"Portada\",\"item\":\"https:\\\/\\\/pragaalimentos.com\\\/\"},{\"@type\":\"ListItem\",\"position\":2,\"name\":\"Contacto\"}]},{\"@type\":\"WebSite\",\"@id\":\"https:\\\/\\\/pragaalimentos.com\\\/#website\",\"url\":\"https:\\\/\\\/pragaalimentos.com\\\/\",\"name\":\"PRAGA\",\"description\":\"Nos dedicamos a la producci\u00f3n, industrializaci\u00f3n y comercializaci\u00f3n de commodities agropecuarios, legumbres, harinas integrales y alimentos a base de legumbres.\",\"publisher\":{\"@id\":\"https:\\\/\\\/pragaalimentos.com\\\/#organization\"},\"potentialAction\":[{\"@type\":\"SearchAction\",\"target\":{\"@type\":\"EntryPoint\",\"urlTemplate\":\"https:\\\/\\\/pragaalimentos.com\\\/?s={search_term_string}\"},\"query-input\":{\"@type\":\"PropertyValueSpecification\",\"valueRequired\":true,\"valueName\":\"search_term_string\"}}],\"inLanguage\":\"en-US\"},{\"@type\":\"Organization\",\"@id\":\"https:\\\/\\\/pragaalimentos.com\\\/#organization\",\"name\":\"PRAGA\",\"url\":\"https:\\\/\\\/pragaalimentos.com\\\/\",\"logo\":{\"@type\":\"ImageObject\",\"inLanguage\":\"en-US\",\"@id\":\"https:\\\/\\\/pragaalimentos.com\\\/#\\\/schema\\\/logo\\\/image\\\/\",\"url\":\"https:\\\/\\\/pragaalimentos.com\\\/wp-content\\\/uploads\\\/2023\\\/12\\\/logo-praga2.png\",\"contentUrl\":\"https:\\\/\\\/pragaalimentos.com\\\/wp-content\\\/uploads\\\/2023\\\/12\\\/logo-praga2.png\",\"width\":265,\"height\":70,\"caption\":\"PRAGA\"},\"image\":{\"@id\":\"https:\\\/\\\/pragaalimentos.com\\\/#\\\/schema\\\/logo\\\/image\\\/\"}}]}<\/script>\n<!-- \/ Yoast SEO plugin. -->","yoast_head_json":{"title":"Contacto - PRAGA","robots":{"index":"index","follow":"follow","max-snippet":"max-snippet:-1","max-image-preview":"max-image-preview:large","max-video-preview":"max-video-preview:-1"},"canonical":"https:\/\/pragaalimentos.com\/en\/contacto\/","og_locale":"en_US","og_type":"article","og_title":"Contacto - PRAGA","og_url":"https:\/\/pragaalimentos.com\/en\/contacto\/","og_site_name":"PRAGA","article_modified_time":"2025-11-10T12:56:03+00:00","twitter_card":"summary_large_image","twitter_misc":{"Est. reading time":"1 minute"},"schema":{"@context":"https:\/\/schema.org","@graph":[{"@type":"WebPage","@id":"https:\/\/pragaalimentos.com\/contacto\/","url":"https:\/\/pragaalimentos.com\/contacto\/","name":"Contacto - PRAGA","isPartOf":{"@id":"https:\/\/pragaalimentos.com\/#website"},"datePublished":"2023-08-01T15:49:10+00:00","dateModified":"2025-11-10T12:56:03+00:00","breadcrumb":{"@id":"https:\/\/pragaalimentos.com\/contacto\/#breadcrumb"},"inLanguage":"en-US","potentialAction":[{"@type":"ReadAction","target":["https:\/\/pragaalimentos.com\/contacto\/"]}]},{"@type":"BreadcrumbList","@id":"https:\/\/pragaalimentos.com\/contacto\/#breadcrumb","itemListElement":[{"@type":"ListItem","position":1,"name":"Portada","item":"https:\/\/pragaalimentos.com\/"},{"@type":"ListItem","position":2,"name":"Contacto"}]},{"@type":"WebSite","@id":"https:\/\/pragaalimentos.com\/#website","url":"https:\/\/pragaalimentos.com\/","name":"PRAGA","description":"Nos dedicamos a la producci\u00f3n, industrializaci\u00f3n y comercializaci\u00f3n de commodities agropecuarios, legumbres, harinas integrales y alimentos a base de legumbres.","publisher":{"@id":"https:\/\/pragaalimentos.com\/#organization"},"potentialAction":[{"@type":"SearchAction","target":{"@type":"EntryPoint","urlTemplate":"https:\/\/pragaalimentos.com\/?s={search_term_string}"},"query-input":{"@type":"PropertyValueSpecification","valueRequired":true,"valueName":"search_term_string"}}],"inLanguage":"en-US"},{"@type":"Organization","@id":"https:\/\/pragaalimentos.com\/#organization","name":"PRAGA","url":"https:\/\/pragaalimentos.com\/","logo":{"@type":"ImageObject","inLanguage":"en-US","@id":"https:\/\/pragaalimentos.com\/#\/schema\/logo\/image\/","url":"https:\/\/pragaalimentos.com\/wp-content\/uploads\/2023\/12\/logo-praga2.png","contentUrl":"https:\/\/pragaalimentos.com\/wp-content\/uploads\/2023\/12\/logo-praga2.png","width":265,"height":70,"caption":"PRAGA"},"image":{"@id":"https:\/\/pragaalimentos.com\/#\/schema\/logo\/image\/"}}]}},"_links":{"self":[{"href":"https:\/\/pragaalimentos.com\/en\/wp-json\/wp\/v2\/pages\/2699","targetHints":{"allow":["GET"]}}],"collection":[{"href":"https:\/\/pragaalimentos.com\/en\/wp-json\/wp\/v2\/pages"}],"about":[{"href":"https:\/\/pragaalimentos.com\/en\/wp-json\/wp\/v2\/types\/page"}],"author":[{"embeddable":true,"href":"https:\/\/pragaalimentos.com\/en\/wp-json\/wp\/v2\/users\/2"}],"replies":[{"embeddable":true,"href":"https:\/\/pragaalimentos.com\/en\/wp-json\/wp\/v2\/comments?post=2699"}],"version-history":[{"count":2,"href":"https:\/\/pragaalimentos.com\/en\/wp-json\/wp\/v2\/pages\/2699\/revisions"}],"predecessor-version":[{"id":13144,"href":"https:\/\/pragaalimentos.com\/en\/wp-json\/wp\/v2\/pages\/2699\/revisions\/13144"}],"wp:attachment":[{"href":"https:\/\/pragaalimentos.com\/en\/wp-json\/wp\/v2\/media?parent=2699"}],"curies":[{"name":"wp","href":"https:\/\/api.w.org\/{rel}","templated":true}]}}